{"id":126,"date":"2011-12-26T17:33:06","date_gmt":"2011-12-26T17:33:06","guid":{"rendered":"http:\/\/getthingsdonetoday.com\/?page_id=126"},"modified":"2020-09-30T22:44:48","modified_gmt":"2020-09-30T22:44:48","slug":"izraelski-metodi-i-taktik-2","status":"publish","type":"page","link":"https:\/\/securityacademy.mk\/SQ\/trening-kursevi\/izraelski-metodi-i-taktik-2\/","title":{"rendered":"Metoda dhe taktika Izraelite p\u00ebr VIP ngecje mbrojt\u00ebse"},"content":{"rendered":"<p>Dedikuar p\u00ebr: vozit\u00ebs nga sektori i qeveris\u00eb, sektori privat, banka dhe p\u00ebrfaq\u00ebsuesi diplomatike ( transporti i parave dhe vlerave)<\/p>\n<p>N\u00eb koh\u00ebn kur ndodhin shum\u00eb sulme terroriste, akte kriminale dhe kidnapime, nj\u00ebra prej elementeve m\u00eb t\u00eb r\u00ebnd\u00ebsishme n\u00eb VIP Mbrojtjen \u00ebsht\u00eb Ngecja Mbrojt\u00ebse.<\/p>\n<p>Fakt \u00ebsht\u00eb se pjesa m\u00eb e madhe e sulmeve tek VIP Personat ndodhin jasht\u00eb kur \u00ebsht\u00eb n\u00eb l\u00ebvizje. Gjithashtu, shansa \u00ebsht\u00eb e madhe q\u00eb VIP Personi ose dikush prej ekipit mbrojt\u00ebs t\u00eb jet\u00eb i l\u00ebnduar n\u00eb aksident.<\/p>\n<p>P\u00ebr at\u00eb arsye, Akademia Internacionale p\u00ebr Sigurim- Maqedoni ka organizuar k\u00ebt\u00eb kurs p\u00ebr t\u00eb gjith\u00eb vozit\u00ebsit q\u00eb t\u2019i fitojn\u00eb mjetet baz\u00eb p\u00ebr kryerje t\u00eb sigurt t\u00eb detyrave t\u00eb tyre. Ky trajnim e transformon vozit\u00ebsin e thjesht\u00eb nga ndonj\u00eb k\u00ebrc\u00ebnim n\u00eb pjes\u00eb baz\u00eb apo integrale prej Ekipit p\u00ebr Mbrojtje, p\u00ebr arsye se vozit\u00ebsi i thjesht\u00eb mund t\u00eb jet\u00eb vet\u00ebm k\u00ebrc\u00ebnim p\u00ebr sigurin\u00eb e VIP dhe udh\u00ebtar\u00ebt.<\/p>\n<p>Zhvillimi i aft\u00ebsive t\u00eb vozit\u00ebsve mbrojt\u00ebs tek vozit\u00ebsit profesional\u00eb n\u00eb t\u00eb gjitha aspektet prej ngecjes mbrojt\u00ebse.<br \/>\nKursi \u00ebsht\u00eb kombinim p\u00ebr ngecje t\u00eb manovrave, planifikim proaktiv dhe ngecje e sigurt.<br \/>\nKursi e mbulon pjes\u00ebn e k\u00ebrc\u00ebnimeve me t\u00eb cil\u00ebn takohet vozit\u00ebsi dhe udh\u00ebtar\u00ebt e tij.<br \/>\nStudent\u00ebt do t\u00eb p\u00ebrfitojn\u00eb vet\u00ebbesim dhe do t\u00eb m\u00ebsojn\u00eb si t\u00eb ngecin n\u00eb situata t\u00eb pritjes, sulmeve terroristike, kidnapime dhe aksidente.<br \/>\nStudent\u00ebt do t\u00eb m\u00ebsojn\u00eb si t\u2019a shfryt\u00ebzojn\u00eb automjetin si arm\u00eb p\u00ebr mbisundimin e pengesave n\u00eb rrug\u00eb.<\/p>\n<h2>TEMA T\u00cb KURSIT:<\/h2>\n<h3>MODUL 1- OPERACIONE TERRORISTE<\/h3>\n<ul>\n<li>Modus Operandi e terrorist\u00ebve<\/li>\n<li>Fazat e pregaditjes t\u00eb sulmeve terroriste<\/li>\n<li>Llojet e eskploziv\u00ebve<\/li>\n<li>Llojet e mjeteve shp\u00ebrthyese inprovizuese<\/li>\n<li>Metodat e vendosjes dhe fshehjes<\/li>\n<\/ul>\n<h3>MODUL 2- VIP NGECJE OPERATIVE METODA DHE TAKTIKA<\/h3>\n<ul>\n<li>Arradh\u00eb<\/li>\n<li>Eksort procedura<\/li>\n<li>Ngecje ofanzive<\/li>\n<li>Ngecje defanzive<\/li>\n<li>Shmangie e k\u00ebrc\u00ebnimeve dhe rreziqeve<\/li>\n<li>Pritje<\/li>\n<li>Manevra operative (J rrotullim, S rrotullim )<\/li>\n<li>Shfryt\u00ebzimi i automjetit si arm\u00eb<\/li>\n<li>Kontrollim sigurie i automjetit<\/li>\n<li>Pengesa dhe barikada n\u00eb rrug\u00eb<\/li>\n<li>Navigacion<\/li>\n<li>Pregaditje para nisjes<\/li>\n<\/ul>\n<h3>MODUL 3- RROLI I VOZIT\u00cbSIT SI PJES\u00cb INTEGRUESE PREJ EKIPIT SIGURUES<\/h3>\n<ul>\n<li>Detyra dhe p\u00ebrgjegj\u00ebsi n\u00eb ngecjen siguruese<\/li>\n<li>Planifikimi i rrug\u00ebve dhe navigacion- sjellje proaktive<\/li>\n<li>Sjellja e vendimeve n\u00eb situata t\u00eb rrezikshme<\/li>\n<li>Shpirt ekipor<\/li>\n<li>Selektimi i drejt\u00eb i automjetit<\/li>\n<li>Sjellje siguruese preventive<\/li>\n<\/ul>\n<h3>MODUL 4- METODA IZRAELITE N\u00cb P\u00cbRDORIMIN E ARM\u00cbVE T\u00cb ZJARRIT N\u00cb AUTOMJET<\/h3>\n<ul>\n<li>Rregullat siguruese<\/li>\n<li>Qitje prej automjetit<\/li>\n<li>Shfryt\u00ebzimi i automjetit si strehim<\/li>\n<\/ul>\n<h3>MODUL 5- LUFT\u00cb PA ARM\u00cb N\u00cb AUTOMJET ( VET\u00cbMBROJTJE SPECIALE P\u00cbR VOZIT\u00cbSIT KRAV MAGA)<\/h3>\n<ul>\n<li>Mbrojtje ndaj veprimeve n\u00eb automjet<\/li>\n<li>Mbrojtje prej arm\u00ebs<\/li>\n<li>Mbrojtje prej thik\u00ebs<\/li>\n<\/ul>\n<p><\/p>","protected":false},"excerpt":{"rendered":"<p>Dedikuar p\u00ebr: vozit\u00ebs nga sektori i qeveris\u00eb, sektori privat, banka dhe p\u00ebrfaq\u00ebsuesi diplomatike ( transporti i parave dhe vlerave) N\u00eb koh\u00ebn kur ndodhin shum\u00eb sulme terroriste, akte kriminale dhe kidnapime, nj\u00ebra prej elementeve m\u00eb t\u00eb r\u00ebnd\u00ebsishme n\u00eb VIP Mbrojtjen \u00ebsht\u00eb Ngecja Mbrojt\u00ebse. Fakt \u00ebsht\u00eb se pjesa m\u00eb e madhe e sulmeve tek VIP Personat ndodhin [&hellip;]<\/p>\n","protected":false},"author":1,"featured_media":1095,"parent":187,"menu_order":0,"comment_status":"open","ping_status":"open","template":"","meta":{"_acf_changed":false,"ngg_post_thumbnail":0,"footnotes":""},"class_list":["post-126","page","type-page","status-publish","has-post-thumbnail","hentry"],"acf":[],"_links":{"self":[{"href":"https:\/\/securityacademy.mk\/SQ\/wp-json\/wp\/v2\/pages\/126","targetHints":{"allow":["GET"]}}],"collection":[{"href":"https:\/\/securityacademy.mk\/SQ\/wp-json\/wp\/v2\/pages"}],"about":[{"href":"https:\/\/securityacademy.mk\/SQ\/wp-json\/wp\/v2\/types\/page"}],"author":[{"embeddable":true,"href":"https:\/\/securityacademy.mk\/SQ\/wp-json\/wp\/v2\/users\/1"}],"replies":[{"embeddable":true,"href":"https:\/\/securityacademy.mk\/SQ\/wp-json\/wp\/v2\/comments?post=126"}],"version-history":[{"count":26,"href":"https:\/\/securityacademy.mk\/SQ\/wp-json\/wp\/v2\/pages\/126\/revisions"}],"predecessor-version":[{"id":1156,"href":"https:\/\/securityacademy.mk\/SQ\/wp-json\/wp\/v2\/pages\/126\/revisions\/1156"}],"up":[{"embeddable":true,"href":"https:\/\/securityacademy.mk\/SQ\/wp-json\/wp\/v2\/pages\/187"}],"wp:featuredmedia":[{"embeddable":true,"href":"https:\/\/securityacademy.mk\/SQ\/wp-json\/wp\/v2\/media\/1095"}],"wp:attachment":[{"href":"https:\/\/securityacademy.mk\/SQ\/wp-json\/wp\/v2\/media?parent=126"}],"curies":[{"name":"wp","href":"https:\/\/api.w.org\/{rel}","templated":true}]}}