{"id":143,"date":"2011-12-26T17:49:30","date_gmt":"2011-12-26T17:49:30","guid":{"rendered":"http:\/\/getthingsdonetoday.com\/?page_id=143"},"modified":"2020-09-30T22:40:33","modified_gmt":"2020-09-30T22:40:33","slug":"trening-i-obuka-na-tsivili","status":"publish","type":"page","link":"https:\/\/securityacademy.mk\/SQ\/trening-kursevi\/trening-i-obuka-na-tsivili\/","title":{"rendered":"TRAJNIM P\u00cbR CIVIL\u00cb"},"content":{"rendered":"<p>Trajnim p\u00ebrgatitor q\u00eb ka t\u00eb b\u00ebje me rritjen e aft\u00ebsive t\u00eb studenteve p\u00ebr ta mbrojtur vet\u00ebn dhe familjet e tyre p\u00ebrmes nj\u00eb trajnimi profesional dhe t\u00eb ve\u00e7ant\u00eb. Ata do te arrijn\u00eb nivel te vet\u00ebmbrojtjes dhe shkatht\u00ebsive reagues q\u00eb u nevojiten p\u00ebr ta shp\u00ebtuar vet\u00ebn ose dike tjet\u00ebr. Mungesa e vet\u00ebbesimit i b\u00ebn njer\u00ebzit t\u00eb jen\u00eb viktima te mundshme te cilat paraqiten dhe sill\u00ebn si t\u00eb tilla<\/p>\n<ul>\n<li>M\u00ebsimi dhe p\u00ebrdorimi i teknikave mentale t\u00eb besueshme n\u00eb situate reale t\u00eb rrezikut dhe trysnis\u00eb s\u00eb lart\u00eb.<\/li>\n<\/ul>\n<ul>\n<li>Sjellja si viktim\u00eb n\u00eb jet\u00eb dhe nd\u00ebrmarrja e masave preventive.<\/li>\n<\/ul>\n<ul>\n<li>M\u00ebsimi i teknikave p\u00ebr p\u00ebrmir\u00ebsimin e koncentrimit dhe vet\u00ebkontrollit.<\/li>\n<\/ul>\n<ul>\n<li>Identifikimi i agresor\u00ebve te mundsh\u00ebm dhe nd\u00ebrmarrja e masave efektive.<\/li>\n<\/ul>\n<ul>\n<li>T\u00eb m\u00ebsuarit p\u00ebrmes metodave stimuluese praktike p\u00ebr vet\u00eb shp\u00ebtim n\u00eb situata t\u00eb ndryshme t\u00eb paparashikueshme.<\/li>\n<\/ul>\n<ul>\n<li>Njoftimi me gjuh\u00ebn e trupit.<\/li>\n<\/ul>\n<ul>\n<li>T\u00eb m\u00ebsuarit dhe ushtruarit e metodave q\u00eb ndihmojn\u00eb n\u00eb p\u00ebrmir\u00ebsimin e gjendjes fizike dhe mentale.<\/li>\n<\/ul>\n<ul>\n<li>Zot\u00ebrimi praktik i formave t\u00eb ndryshme t\u00eb k\u00ebrc\u00ebnimit dhe dhun\u00ebs.<\/li>\n<\/ul>\n<p><strong>MODULI 1 \u2013 FITNES DHE VET\u00cbMBROJTE (KRAV MAGA) <\/strong><\/p>\n<ul>\n<li>Ushtrime p\u00ebr force<\/li>\n<li>Ushtrime t\u00eb q\u00ebndrueshm\u00ebris\u00eb<\/li>\n<li>Ushtrime t\u00eb shpejt\u00ebsis\u00eb<\/li>\n<li>Ushtrime t\u00eb vendosm\u00ebris\u00eb<\/li>\n<li>Agresiviteti<\/li>\n<li>Llojet e sulmit<\/li>\n<li>Teknikat e sulmit me k\u00ebmb\u00eb<\/li>\n<li>Teknikat e sulmit me gju<\/li>\n<li>Teknikat e sulmit me dor\u00eb<\/li>\n<li>Teknikat e sulmit me b\u00ebrryl b\u00ebrryl<\/li>\n<li>\u00c7lirimi nga kapja e duarve, flokut, ose situata tjera t\u00eb mbytjes.<\/li>\n<li>Mbrojtja elementare n\u00eb tok\u00eb<\/li>\n<\/ul>\n<p><strong>T\u00eb m\u00ebsuarit e leht\u00eb t\u00eb p\u00ebrdorimit, dhe efikasitetit t\u00eb mbamendjes <\/strong><\/p>\n<p><strong>MOSULI 2 \u2013 BAZAT E MBROJTJES S\u00cb ARMATOSUR <\/strong><\/p>\n<ul>\n<ul>\n<li>Udh\u00ebzime sigurie<\/li>\n<li>Njohje me arm\u00ebn dhe pjes\u00ebt e saj\u00eb<\/li>\n<li>Kontrolli operativ i arm\u00ebs<\/li>\n<li>Metodat e gjuajtjes instiktive<strong> <\/strong><\/li>\n<\/ul>\n<\/ul>\n<p><strong>PROVIMET E DUHURA P\u00cbR MARRJEN E DIPLOM\u00cbS ND\u00cbRKOMB\u00cbTARE: <\/strong><\/p>\n<ul>\n<li>P\u00ebrdorimi i arm\u00ebs<\/li>\n<li>Gjuajtje luftarake<\/li>\n<li>Shpirti luftarak<\/li>\n<li>Fitnesi operativ<\/li>\n<li>Vendosm\u00ebria<\/li>\n<li>Metodat e mbrojtjes s\u00eb paarmatosur (Krav Maga)<\/li>\n<li>Besueshm\u00ebria dhe lojaliteti<\/li>\n<li>Iniciativa<\/li>\n<li>Stabiliteti emotiv<\/li>\n<li>Rendi dhe disiplina<\/li>\n<li>Agresiviteti<\/li>\n<li>Trim\u00ebria<\/li>\n<li>Vet\u00ebkritika<\/li>\n<li>T\u00eb funksionuarit n\u00ebn trysni<\/li>\n<li>T\u00eb gjykuarit taktik<\/li>\n<li>Aft\u00ebsia e pun\u00ebs n\u00eb ekip<\/li>\n<li>T\u00eb menduarit taktik<\/li>\n<li>Modestia dhe aft\u00ebsia p\u00ebr t\u2019u b\u00ebr\u00eb udh\u00ebheq\u00ebs<\/li>\n<li>Pyetjet e provimit (pjesa teorike)<\/li>\n<li>Pjesa praktike<\/li>\n<\/ul>\n<p><strong>REKOMANDIMET TONA <\/strong><\/p>\n<p><strong>KUSHTET P\u00cbR PJES\u00cbMARRJE N\u00cb KURS <\/strong><\/p>\n<ol>\n<li>V\u00ebrtetim mjek\u00ebsor q\u00eb d\u00ebshmon se studenti \u00ebsht\u00eb fizikisht i sh\u00ebndosh\u00eb p\u00ebr aktivitet fizik<\/li>\n<li>V\u00ebrtetim q\u00eb nuk \u00ebsht\u00eb i ndjekur penalisht<\/li>\n<li>Pjes\u00ebmarr\u00ebsi duhet t\u00eb jet\u00eb psiko-fizikisht i aft\u00eb p\u00ebr trajnim<\/li>\n<li>Pjes\u00ebmarr\u00ebsi duhet t\u00eb jet\u00eb m\u00eb i vjet\u00ebr se 18 vjet.<\/li>\n<\/ol>\n<p><strong>\u00c7FAR\u00cb DUHET T\u00cb SILLET N\u00cb KURS <\/strong><\/p>\n<ul>\n<li><strong>Atlete ose pajisje tjet\u00ebr p\u00ebr vrapim <\/strong><\/li>\n<li><strong>Pantallona ose xhins <\/strong><\/li>\n<li><strong>Rrip <\/strong><\/li>\n<li><strong>Dy fotografi <\/strong><\/li>\n<\/ul>\n<p><strong>N\u00cb \u00c7MIMIN E T\u00cb GJITHA KURSEVE JAN\u00cb P\u00cbRFSHIR\u00cb: <\/strong><\/p>\n<ul>\n<li><strong>T\u00eb gjitha materialet, librat, automjetet, fanellat, k\u00ebmish\u00ebt dhe pajisjet tjera shtojc\u00eb p\u00ebr mbajtje t\u00eb suksesshme t\u00eb kursit <\/strong><\/li>\n<li><strong>Diploma ose certifikata <\/strong><\/li>\n<\/ul>\n<p><strong>Akademia Nd\u00ebrkomb\u00ebtare p\u00ebr Sigurim e ruan t\u00eb drejt\u00ebn e ndryshimit t\u00eb dat\u00ebs s\u00eb kursit dhe t\u00eb drejt\u00ebn e rritjes ose zvog\u00eblimit t\u00eb numrit t\u00eb pjes\u00ebmarr\u00ebsve n\u00eb kurse. Akademia Nd\u00ebrkomb\u00ebtare p\u00ebr Sigurim ruan t\u00eb drejt\u00ebn ekskluzive p\u00ebr asgj\u00ebsim t\u00eb Certifikat\u00ebs ose Diplom\u00ebs s\u00eb studentit n\u00eb rast se ai\/ajo ka kryer vep\u00ebr penale ose ka qen\u00eb pjes\u00eb e ndonj\u00eb aktiviteti kriminal. <\/strong><\/p>","protected":false},"excerpt":{"rendered":"<p>Trajnim p\u00ebrgatitor q\u00eb ka t\u00eb b\u00ebje me rritjen e aft\u00ebsive t\u00eb studenteve p\u00ebr ta mbrojtur vet\u00ebn dhe familjet e tyre p\u00ebrmes nj\u00eb trajnimi profesional dhe t\u00eb ve\u00e7ant\u00eb. Ata do te arrijn\u00eb nivel te vet\u00ebmbrojtjes dhe shkatht\u00ebsive reagues q\u00eb u nevojiten p\u00ebr ta shp\u00ebtuar vet\u00ebn ose dike tjet\u00ebr. Mungesa e vet\u00ebbesimit i b\u00ebn njer\u00ebzit t\u00eb jen\u00eb [&hellip;]<\/p>\n","protected":false},"author":1,"featured_media":1092,"parent":187,"menu_order":0,"comment_status":"open","ping_status":"open","template":"","meta":{"_acf_changed":false,"ngg_post_thumbnail":0,"footnotes":""},"class_list":["post-143","page","type-page","status-publish","has-post-thumbnail","hentry"],"acf":[],"_links":{"self":[{"href":"https:\/\/securityacademy.mk\/SQ\/wp-json\/wp\/v2\/pages\/143","targetHints":{"allow":["GET"]}}],"collection":[{"href":"https:\/\/securityacademy.mk\/SQ\/wp-json\/wp\/v2\/pages"}],"about":[{"href":"https:\/\/securityacademy.mk\/SQ\/wp-json\/wp\/v2\/types\/page"}],"author":[{"embeddable":true,"href":"https:\/\/securityacademy.mk\/SQ\/wp-json\/wp\/v2\/users\/1"}],"replies":[{"embeddable":true,"href":"https:\/\/securityacademy.mk\/SQ\/wp-json\/wp\/v2\/comments?post=143"}],"version-history":[{"count":24,"href":"https:\/\/securityacademy.mk\/SQ\/wp-json\/wp\/v2\/pages\/143\/revisions"}],"predecessor-version":[{"id":1148,"href":"https:\/\/securityacademy.mk\/SQ\/wp-json\/wp\/v2\/pages\/143\/revisions\/1148"}],"up":[{"embeddable":true,"href":"https:\/\/securityacademy.mk\/SQ\/wp-json\/wp\/v2\/pages\/187"}],"wp:featuredmedia":[{"embeddable":true,"href":"https:\/\/securityacademy.mk\/SQ\/wp-json\/wp\/v2\/media\/1092"}],"wp:attachment":[{"href":"https:\/\/securityacademy.mk\/SQ\/wp-json\/wp\/v2\/media?parent=143"}],"curies":[{"name":"wp","href":"https:\/\/api.w.org\/{rel}","templated":true}]}}