{"id":155,"date":"2011-12-27T10:08:50","date_gmt":"2011-12-27T10:08:50","guid":{"rendered":"http:\/\/getthingsdonetoday.com\/?page_id=155"},"modified":"2021-01-14T16:44:44","modified_gmt":"2021-01-14T16:44:44","slug":"makedonski-za-nas","status":"publish","type":"page","link":"https:\/\/securityacademy.mk\/SQ\/makedonski-za-nas\/","title":{"rendered":"HYRJE"},"content":{"rendered":"<p>Akademia Nd\u00ebrkomb\u00ebtare p\u00ebr Siguri &#8211; \u00ebsht\u00eb formuar n\u00eb vitin 2005 n\u00eb bashk\u00ebpunim me Akademin\u00eb Nd\u00ebrkomb\u00ebtare p\u00ebr Siguri \u2013 Izrael.<br \/>\nThemelues dhe Instruktor kryesor\u00eb Ilija Iliev<br \/>\nAkademia Nd\u00ebrkomb\u00ebtare p\u00ebr Siguri \u00ebsht\u00eb qend\u00ebr st\u00ebrvitore praktike<br \/>\nAkademia Nd\u00ebrkomb\u00ebtare p\u00ebr Siguri \u00ebsht\u00eb organizat\u00eb proaktive e cila kujdeset dhe nd\u00ebrmerr masa efektive dhe strategjike p\u00ebr siguri<br \/>\nOrganizata jon\u00eb ka p\u00ebrvoj\u00eb shum\u00ebvje\u00e7are n\u00eb mbrojtje kund\u00ebr dhun\u00ebs dhe operacioneve terroriste<\/p>\n<p><strong>Q\u00cbLLIMI YN\u00cb <\/strong><\/p>\n<ul>\n<li>Parandalimi, intervenimi dhe mposhtja e krimit t\u00eb dhunsh\u00ebm dhe terrorizmit q\u00eb jan\u00eb t\u00eb p\u00ebrhapur gjithkund n\u00eb bot\u00eb.<\/li>\n<li>M\u00ebsimi i metodologjis\u00eb s\u00eb stilit Izraelit p\u00ebr mbrojtje dhe siguri si dhe shp\u00ebrndarjen e p\u00ebrvoj\u00ebs praktike Izraelite gjithkund n\u00eb bot\u00eb me shtetet mike.<\/li>\n<\/ul>\n<p>P\u00ebrsosje operative t\u00eb student\u00ebve p\u00ebr kryerje t\u00eb detyrave t\u00eb tyre n\u00eb situata t\u00eb v\u00ebshtira dhe nga skenar\u00eb t\u00eb sulmit t\u00eb pa pritur.<\/p>","protected":false},"excerpt":{"rendered":"<p>Akademia Nd\u00ebrkomb\u00ebtare p\u00ebr Siguri &#8211; \u00ebsht\u00eb formuar n\u00eb vitin 2005 n\u00eb bashk\u00ebpunim me Akademin\u00eb Nd\u00ebrkomb\u00ebtare p\u00ebr Siguri \u2013 Izrael. Themelues dhe Instruktor kryesor\u00eb Ilija Iliev Akademia Nd\u00ebrkomb\u00ebtare p\u00ebr Siguri \u00ebsht\u00eb qend\u00ebr st\u00ebrvitore praktike Akademia Nd\u00ebrkomb\u00ebtare p\u00ebr Siguri \u00ebsht\u00eb organizat\u00eb proaktive e cila kujdeset dhe nd\u00ebrmerr masa efektive dhe strategjike p\u00ebr siguri Organizata jon\u00eb ka p\u00ebrvoj\u00eb [&hellip;]<\/p>\n","protected":false},"author":1,"featured_media":1093,"parent":0,"menu_order":0,"comment_status":"open","ping_status":"open","template":"","meta":{"_acf_changed":false,"ngg_post_thumbnail":0,"footnotes":""},"class_list":["post-155","page","type-page","status-publish","has-post-thumbnail","hentry"],"acf":[],"_links":{"self":[{"href":"https:\/\/securityacademy.mk\/SQ\/wp-json\/wp\/v2\/pages\/155","targetHints":{"allow":["GET"]}}],"collection":[{"href":"https:\/\/securityacademy.mk\/SQ\/wp-json\/wp\/v2\/pages"}],"about":[{"href":"https:\/\/securityacademy.mk\/SQ\/wp-json\/wp\/v2\/types\/page"}],"author":[{"embeddable":true,"href":"https:\/\/securityacademy.mk\/SQ\/wp-json\/wp\/v2\/users\/1"}],"replies":[{"embeddable":true,"href":"https:\/\/securityacademy.mk\/SQ\/wp-json\/wp\/v2\/comments?post=155"}],"version-history":[{"count":23,"href":"https:\/\/securityacademy.mk\/SQ\/wp-json\/wp\/v2\/pages\/155\/revisions"}],"predecessor-version":[{"id":1209,"href":"https:\/\/securityacademy.mk\/SQ\/wp-json\/wp\/v2\/pages\/155\/revisions\/1209"}],"wp:featuredmedia":[{"embeddable":true,"href":"https:\/\/securityacademy.mk\/SQ\/wp-json\/wp\/v2\/media\/1093"}],"wp:attachment":[{"href":"https:\/\/securityacademy.mk\/SQ\/wp-json\/wp\/v2\/media?parent=155"}],"curies":[{"name":"wp","href":"https:\/\/api.w.org\/{rel}","templated":true}]}}