{"id":187,"date":"2012-01-10T20:26:52","date_gmt":"2012-01-10T20:26:52","guid":{"rendered":"http:\/\/getthingsdonetoday.com\/?page_id=187"},"modified":"2020-09-30T23:00:34","modified_gmt":"2020-09-30T23:00:34","slug":"trening-kursevi","status":"publish","type":"page","link":"https:\/\/securityacademy.mk\/SQ\/trening-kursevi\/","title":{"rendered":"TRAJNIM PROGRAMA E AKADEMIS\u00cb"},"content":{"rendered":"<p><\/p>\n<ol>\n<li><strong>Principet Izraelite p\u00ebr VIP Mbrojtjen dhe p\u00ebr Anti-Terroriz\u00ebm (3dit\u00eb) <\/strong><\/li>\n<li><strong>Metodat dhe taktikat e Armatosura Izraelite dhe ato t\u00eb Paarmatosura (5 dit\u00eb) <\/strong><\/li>\n<\/ol>\n<p><strong>  <\/strong><\/p>\n<ol start=\"3\">\n<li><strong>N\u00ebpun\u00ebsi p\u00ebr Sigurim (Banka, Aeroportet, Hotelet) (7 dit\u00eb) <\/strong><\/li>\n<\/ol>\n<p><strong>  <\/strong><\/p>\n<ol start=\"4\">\n<li><strong>Metodat dhe Taktikat Izraelite p\u00ebr VIP mbrojtje \u2013 Single Operative (15dit\u00eb) <\/strong><\/li>\n<\/ol>\n<p><strong>  <\/strong><\/p>\n<ol start=\"5\">\n<li><strong>VIP mbrojtje dhe operacionet ekipore \u2013 Lider ekipi (21 dit\u00eb) <\/strong><\/li>\n<\/ol>\n<p><strong>  <\/strong><\/p>\n<ol start=\"6\">\n<li><strong>Metodat dhe taktikat Izraelite p\u00ebr vozitje t\u00eb mbrojtur (3 dit\u00eb) <\/strong><\/li>\n<\/ol>\n<p><strong>  <\/strong><\/p>\n<ol start=\"7\">\n<li><strong>Trajnim dhe manovrim p\u00ebr civil (2 dit\u00eb) <\/strong><\/li>\n<\/ol>\n<p><strong>  <\/strong><\/p>\n<p>v  Pjesa m\u00eb e madhe e trajnimit, edukimit dhe manovrimit zhvillohet n\u00eb Maqedoni, ku t\u00eb gjith\u00eb kurset zhvillohen pa nd\u00ebrprerje n\u00eb periudha t\u00eb ndryshme t\u00eb vitit. Me ndihm\u00ebn e disa pjes\u00ebve praktike t\u00eb trajnimit ne i aft\u00ebsojm\u00eb student\u00ebt tan\u00eb.<\/p>\n<p>&nbsp;<\/p>","protected":false},"excerpt":{"rendered":"<p>Principet Izraelite p\u00ebr VIP Mbrojtjen dhe p\u00ebr Anti-Terroriz\u00ebm (3dit\u00eb) Metodat dhe taktikat e Armatosura Izraelite dhe ato t\u00eb Paarmatosura (5 dit\u00eb) N\u00ebpun\u00ebsi p\u00ebr Sigurim (Banka, Aeroportet, Hotelet) (7 dit\u00eb) Metodat dhe Taktikat Izraelite p\u00ebr VIP mbrojtje \u2013 Single Operative (15dit\u00eb) VIP mbrojtje dhe operacionet ekipore \u2013 Lider ekipi (21 dit\u00eb) Metodat dhe taktikat Izraelite p\u00ebr [&hellip;]<\/p>\n","protected":false},"author":1,"featured_media":0,"parent":0,"menu_order":0,"comment_status":"open","ping_status":"open","template":"page-templates\/trening-kursevi.php","meta":{"_acf_changed":false,"ngg_post_thumbnail":0,"footnotes":""},"class_list":["post-187","page","type-page","status-publish","hentry"],"acf":[],"_links":{"self":[{"href":"https:\/\/securityacademy.mk\/SQ\/wp-json\/wp\/v2\/pages\/187","targetHints":{"allow":["GET"]}}],"collection":[{"href":"https:\/\/securityacademy.mk\/SQ\/wp-json\/wp\/v2\/pages"}],"about":[{"href":"https:\/\/securityacademy.mk\/SQ\/wp-json\/wp\/v2\/types\/page"}],"author":[{"embeddable":true,"href":"https:\/\/securityacademy.mk\/SQ\/wp-json\/wp\/v2\/users\/1"}],"replies":[{"embeddable":true,"href":"https:\/\/securityacademy.mk\/SQ\/wp-json\/wp\/v2\/comments?post=187"}],"version-history":[{"count":40,"href":"https:\/\/securityacademy.mk\/SQ\/wp-json\/wp\/v2\/pages\/187\/revisions"}],"predecessor-version":[{"id":1177,"href":"https:\/\/securityacademy.mk\/SQ\/wp-json\/wp\/v2\/pages\/187\/revisions\/1177"}],"wp:attachment":[{"href":"https:\/\/securityacademy.mk\/SQ\/wp-json\/wp\/v2\/media?parent=187"}],"curies":[{"name":"wp","href":"https:\/\/api.w.org\/{rel}","templated":true}]}}