{"id":193,"date":"2012-01-10T20:29:30","date_gmt":"2012-01-10T20:29:30","guid":{"rendered":"http:\/\/getthingsdonetoday.com\/?page_id=193"},"modified":"2020-09-30T23:23:06","modified_gmt":"2020-09-30T23:23:06","slug":"kontakt","status":"publish","type":"page","link":"https:\/\/securityacademy.mk\/SQ\/kontakt\/","title":{"rendered":"KONTAKT"},"content":{"rendered":"<p>\n<div class=\"wpcf7 no-js\" id=\"wpcf7-f1178-o3\" lang=\"en-US\" dir=\"ltr\" data-wpcf7-id=\"1178\">\n<div class=\"screen-reader-response\"><p role=\"status\" aria-live=\"polite\" aria-atomic=\"true\"><\/p> <ul><\/ul><\/div>\n<form action=\"\/SQ\/wp-json\/wp\/v2\/pages\/193#wpcf7-f1178-o3\" method=\"post\" class=\"wpcf7-form init\" aria-label=\"Contact form\" novalidate=\"novalidate\" data-status=\"init\">\n<fieldset class=\"hidden-fields-container\"><input type=\"hidden\" name=\"_wpcf7\" value=\"1178\" \/><input type=\"hidden\" name=\"_wpcf7_version\" value=\"6.1.5\" \/><input type=\"hidden\" name=\"_wpcf7_locale\" value=\"en_US\" \/><input type=\"hidden\" name=\"_wpcf7_unit_tag\" value=\"wpcf7-f1178-o3\" \/><input type=\"hidden\" name=\"_wpcf7_container_post\" value=\"0\" \/><input type=\"hidden\" name=\"_wpcf7_posted_data_hash\" value=\"\" \/>\n<\/fieldset>\n<div class=\"row\">\n\t<div class=\"col-xs-12 col-md-4\">\n\t\t<p><span class=\"wpcf7-form-control-wrap\" data-name=\"your-name\"><input size=\"40\" maxlength=\"400\" class=\"wpcf7-form-control wpcf7-text wpcf7-validates-as-required form-control input-lg\" aria-required=\"true\" aria-invalid=\"false\" placeholder=\"Emrin*\" value=\"\" type=\"text\" name=\"your-name\" \/><\/span><br \/>\n<span class=\"wpcf7-form-control-wrap\" data-name=\"your-email\"><input size=\"40\" maxlength=\"400\" class=\"wpcf7-form-control wpcf7-email wpcf7-validates-as-required wpcf7-text wpcf7-validates-as-email form-control input-lg\" aria-required=\"true\" aria-invalid=\"false\" placeholder=\"Email*\" value=\"\" type=\"email\" name=\"your-email\" \/><\/span><br \/>\n<span class=\"wpcf7-form-control-wrap\" data-name=\"your-phone\"><input size=\"40\" maxlength=\"400\" class=\"wpcf7-form-control wpcf7-text form-control input-lg\" aria-invalid=\"false\" placeholder=\"Telefon\" value=\"\" type=\"text\" name=\"your-phone\" \/><\/span><br \/>\n<span class=\"wpcf7-form-control-wrap\" data-name=\"kursevi\"><select class=\"wpcf7-form-control wpcf7-select form-control input-lg margin-bottom-30\" aria-invalid=\"false\" name=\"kursevi\"><option value=\"Me intereson\n:\">Me intereson\n:<\/option><option value=\"TRAJNIM P\u00cbR CIVIL\u00cb\">TRAJNIM P\u00cbR CIVIL\u00cb<\/option><option value=\"PRINCIPET IZRAELITE P\u00cbR VIP MBROJTJE DHE KUND\u00cbR TERORIZMIT\">PRINCIPET IZRAELITE P\u00cbR VIP MBROJTJE DHE KUND\u00cbR TERORIZMIT<\/option><option value=\"Metoda dhe taktika Izraelite p\u00ebr VIP ngecje mbrojt\u00ebse\">Metoda dhe taktika Izraelite p\u00ebr VIP ngecje mbrojt\u00ebse<\/option><option value=\"Vip Mbrojtja- TEAM LEADER\">Vip Mbrojtja- TEAM LEADER<\/option><option value=\"Close Protection Specialist\">Close Protection Specialist<\/option><option value=\"Metodat Izraelite dhe taktikat p\u00ebr VIP mbrojtje- SINGLE OPERATIVE\">Metodat Izraelite dhe taktikat p\u00ebr VIP mbrojtje- SINGLE OPERATIVE<\/option><option value=\"OFICERI P\u00cbR MBROJTJE (RRUAJTJE)\">OFICERI P\u00cbR MBROJTJE (RRUAJTJE)<\/option><option value=\"Metodat taktike t\u00eb armatosjes dhe pa armatosjes Izraelite\">Metodat taktike t\u00eb armatosjes dhe pa armatosjes Izraelite<\/option><option value=\"Te dh\u00ebna p\u00ebr siguri personale Operator p\u00ebr zonat me rrezik t\u00eb lart\u00eb\">Te dh\u00ebna p\u00ebr siguri personale Operator p\u00ebr zonat me rrezik t\u00eb lart\u00eb<\/option><option value=\"t\u00eb tjera\">t\u00eb tjera<\/option><option value=\"\u041e\u0440\u0443\u0436\u0430\u0440\">\u041e\u0440\u0443\u0436\u0430\u0440<\/option><\/select><\/span>\n\t\t<\/p>\n\t<\/div>\n\t<div class=\"col-xs-12 col-md-8\">\n\t\t<p><span class=\"wpcf7-form-control-wrap\" data-name=\"your-message\"><textarea cols=\"40\" rows=\"6\" maxlength=\"2000\" class=\"wpcf7-form-control wpcf7-textarea form-control input-lg\" aria-invalid=\"false\" placeholder=\"Mesazh\" name=\"your-message\"><\/textarea><\/span><br \/>\n<input class=\"wpcf7-form-control wpcf7-submit has-spinner btn btn-primary btn-lg\" type=\"submit\" value=\"d\u00ebrgoj\" \/>\n\t\t<\/p>\n\t<\/div>\n<\/div><div class=\"wpcf7-response-output\" aria-hidden=\"true\"><\/div>\n<\/form>\n<\/div>\n<\/p>","protected":false},"excerpt":{"rendered":"","protected":false},"author":1,"featured_media":0,"parent":0,"menu_order":0,"comment_status":"open","ping_status":"open","template":"","meta":{"_acf_changed":false,"ngg_post_thumbnail":0,"footnotes":""},"class_list":["post-193","page","type-page","status-publish","hentry"],"acf":[],"_links":{"self":[{"href":"https:\/\/securityacademy.mk\/SQ\/wp-json\/wp\/v2\/pages\/193","targetHints":{"allow":["GET"]}}],"collection":[{"href":"https:\/\/securityacademy.mk\/SQ\/wp-json\/wp\/v2\/pages"}],"about":[{"href":"https:\/\/securityacademy.mk\/SQ\/wp-json\/wp\/v2\/types\/page"}],"author":[{"embeddable":true,"href":"https:\/\/securityacademy.mk\/SQ\/wp-json\/wp\/v2\/users\/1"}],"replies":[{"embeddable":true,"href":"https:\/\/securityacademy.mk\/SQ\/wp-json\/wp\/v2\/comments?post=193"}],"version-history":[{"count":16,"href":"https:\/\/securityacademy.mk\/SQ\/wp-json\/wp\/v2\/pages\/193\/revisions"}],"predecessor-version":[{"id":1180,"href":"https:\/\/securityacademy.mk\/SQ\/wp-json\/wp\/v2\/pages\/193\/revisions\/1180"}],"wp:attachment":[{"href":"https:\/\/securityacademy.mk\/SQ\/wp-json\/wp\/v2\/media?parent=193"}],"curies":[{"name":"wp","href":"https:\/\/api.w.org\/{rel}","templated":true}]}}