{"id":294,"date":"2012-02-21T12:02:18","date_gmt":"2012-02-21T12:02:18","guid":{"rendered":"http:\/\/securityacademy.com.mk\/?page_id=294"},"modified":"2012-04-27T13:28:48","modified_gmt":"2012-04-27T13:28:48","slug":"vazhno","status":"publish","type":"page","link":"https:\/\/securityacademy.mk\/SQ\/vazhno\/","title":{"rendered":"(\u041c\u0430\u043a\u0435\u0434\u043e\u043d\u0441\u043a\u0438) \u0412\u0430\u0436\u043d\u043e!"},"content":{"rendered":"<p>Mohojm\u00eb \u00e7do lidhshm\u00ebri me t\u00eb gjith\u00eb ashtuquajtur instruktor\u00eb t\u00eb cil\u00ebt n\u00eb emrin tone p\u00ebrpiqen t\u00eb organizojn\u00eb trajnim kurse dhe t\u00eb japin diploma me logon tone. Ata instruktor\u00eb t\u00eb ashtuquajtur nuk kan\u00eb lidhje me neve, dhe as q\u00eb kan\u00eb mbajtur nj\u00eb trajnim kurs me neve.<\/p>","protected":false},"excerpt":{"rendered":"<p>Mohojm\u00eb \u00e7do lidhshm\u00ebri me t\u00eb gjith\u00eb ashtuquajtur instruktor\u00eb t\u00eb cil\u00ebt n\u00eb emrin tone p\u00ebrpiqen t\u00eb organizojn\u00eb trajnim kurse dhe t\u00eb japin diploma me logon tone. Ata instruktor\u00eb t\u00eb ashtuquajtur nuk kan\u00eb lidhje me neve, dhe as q\u00eb kan\u00eb mbajtur nj\u00eb trajnim kurs me neve.<\/p>\n","protected":false},"author":1,"featured_media":0,"parent":0,"menu_order":0,"comment_status":"closed","ping_status":"closed","template":"","meta":{"_acf_changed":false,"ngg_post_thumbnail":0,"footnotes":""},"class_list":["post-294","page","type-page","status-publish","hentry"],"acf":[],"_links":{"self":[{"href":"https:\/\/securityacademy.mk\/SQ\/wp-json\/wp\/v2\/pages\/294","targetHints":{"allow":["GET"]}}],"collection":[{"href":"https:\/\/securityacademy.mk\/SQ\/wp-json\/wp\/v2\/pages"}],"about":[{"href":"https:\/\/securityacademy.mk\/SQ\/wp-json\/wp\/v2\/types\/page"}],"author":[{"embeddable":true,"href":"https:\/\/securityacademy.mk\/SQ\/wp-json\/wp\/v2\/users\/1"}],"replies":[{"embeddable":true,"href":"https:\/\/securityacademy.mk\/SQ\/wp-json\/wp\/v2\/comments?post=294"}],"version-history":[{"count":10,"href":"https:\/\/securityacademy.mk\/SQ\/wp-json\/wp\/v2\/pages\/294\/revisions"}],"predecessor-version":[{"id":484,"href":"https:\/\/securityacademy.mk\/SQ\/wp-json\/wp\/v2\/pages\/294\/revisions\/484"}],"wp:attachment":[{"href":"https:\/\/securityacademy.mk\/SQ\/wp-json\/wp\/v2\/media?parent=294"}],"curies":[{"name":"wp","href":"https:\/\/api.w.org\/{rel}","templated":true}]}}